{"id":11964,"date":"2024-02-29T20:24:36","date_gmt":"2024-02-29T17:24:36","guid":{"rendered":"https:\/\/brimanfarm.com\/?page_id=11964"},"modified":"2024-02-29T20:32:12","modified_gmt":"2024-02-29T17:32:12","slug":"hakkimizda","status":"publish","type":"page","link":"https:\/\/brimanfarm.com\/tr\/hakkimizda\/","title":{"rendered":"HAKKIMIZDA"},"content":{"rendered":"\t\t<div data-elementor-type=\"wp-page\" data-elementor-id=\"11964\" class=\"elementor elementor-11964\">\n\t\t\t\t\t\t\t\t\t<section class=\"elementor-section elementor-top-section elementor-element elementor-element-3186477 elementor-section-full_width qodef-elementor-content-grid elementor-section-height-default elementor-section-height-default\" data-id=\"3186477\" data-element_type=\"section\" data-settings=\"{&quot;background_background&quot;:&quot;classic&quot;}\">\n\t\t\t\t\t\t<div class=\"elementor-container elementor-column-gap-default\">\n\t\t\t\t\t<div class=\"elementor-column elementor-col-100 elementor-top-column elementor-element elementor-element-e99b0f4\" data-id=\"e99b0f4\" data-element_type=\"column\">\n\t\t\t<div class=\"elementor-widget-wrap elementor-element-populated\">\n\t\t\t\t\t\t\t\t<div class=\"elementor-element elementor-element-d2f094f elementor-widget elementor-widget-agraria_core_section_title\" data-id=\"d2f094f\" data-element_type=\"widget\" data-widget_type=\"agraria_core_section_title.default\">\n\t\t\t\t<div class=\"elementor-widget-container\">\n\t\t\t<div class=\"qodef-shortcode qodef-m  qodef-section-title qodef-alignment--left qodef-title-break--disabled\">\n\t\t\t\t<h2 class=\"qodef-m-title\" >\n\t\t\t\t\tBRIMAN S\u00dcT \u00dcR\u00dcNLERI\u0307\t\t\t<\/h2>\n\t\t<\/div>\n\t\t<\/div>\n\t\t\t\t<\/div>\n\t\t\t\t<div class=\"elementor-element elementor-element-6e56349 elementor-widget elementor-widget-text-editor\" data-id=\"6e56349\" data-element_type=\"widget\" data-widget_type=\"text-editor.default\">\n\t\t\t\t<div class=\"elementor-widget-container\">\n\t\t\t<style>\/*! elementor - v3.18.0 - 20-12-2023 *\/\n.elementor-widget-text-editor.elementor-drop-cap-view-stacked .elementor-drop-cap{background-color:#69727d;color:#fff}.elementor-widget-text-editor.elementor-drop-cap-view-framed .elementor-drop-cap{color:#69727d;border:3px solid;background-color:transparent}.elementor-widget-text-editor:not(.elementor-drop-cap-view-default) .elementor-drop-cap{margin-top:8px}.elementor-widget-text-editor:not(.elementor-drop-cap-view-default) .elementor-drop-cap-letter{width:1em;height:1em}.elementor-widget-text-editor .elementor-drop-cap{float:left;text-align:center;line-height:1;font-size:50px}.elementor-widget-text-editor .elementor-drop-cap-letter{display:inline-block}<\/style>\t\t\t\t<p>Briman G\u0131da Sanayi ve S\u00fct \u00dcr\u00fcnleri Ticaret A.\u015e. 1979 y\u0131l\u0131nda Emin\u00f6n\u00fc Unkapan\u0131&#8217;nda k\u00fc\u00e7\u00fck bir \u00fcretim ve pazarlama \u015firketi olarak ba\u015flad\u0131\u011f\u0131 yolculu\u011funda, o g\u00fcnden bu yana g\u0131da sekt\u00f6r\u00fcnde istikrarl\u0131 bir b\u00fcy\u00fcme sergilemi\u015ftir. \u0130stanbul G\u0131da Toptanc\u0131lar\u0131 (\u0130GTOT) sitesinde yer alan Y\u00f6netim Denetim Kurulu Ba\u015fkanl\u0131\u011f\u0131m\u0131z s\u0131ras\u0131nda, sadece d\u00f6rt y\u0131l i\u00e7inde g\u0131da sekt\u00f6r\u00fcne Avrupa standartlar\u0131na uygun 75.000 metrekarelik modern bir pazar yeri sunmay\u0131 ba\u015fard\u0131k. Bu ba\u015far\u0131, sekt\u00f6rdeki yenilik\u00e7i yakla\u015f\u0131m\u0131m\u0131z\u0131 ve m\u00fc\u015fterilerimize en iyi hizmeti sunma konusundaki kararl\u0131l\u0131\u011f\u0131m\u0131z\u0131 yans\u0131tmaktad\u0131r.<br \/>\u00c7anakkale&#8217;nin bereketli topraklar\u0131nda, Biga b\u00f6lgesinde s\u00fcrd\u00fcrd\u00fc\u011f\u00fcm\u00fcz \u00fcretim faaliyetlerimizde; hijyen, kalite ve m\u00fc\u015fteri memnuniyetini her zaman \u00f6n planda tutuyoruz. Tar\u0131m M\u00fcd\u00fcrl\u00fc\u011f\u00fc&#8217;nden ald\u0131\u011f\u0131m\u0131z hijyen ve ambalaj onay belgeleri ile \u00fcr\u00fcnlerimizin g\u00fcvenilirli\u011fini kan\u0131tlad\u0131k. Ulusal zincirler, restoranlar, oteller, gurme ve meze evleri, \u015fark\u00fcteriler gibi geni\u015f bir m\u00fc\u015fteri a\u011f\u0131na hizmet vererek \u00fcr\u00fcnlerimizin kalitesini ve lezzetini daha \u00e7ok ki\u015fiye ula\u015ft\u0131rmay\u0131 hedefliyoruz.<br \/>Misyonumuz, s\u00fcrd\u00fcr\u00fclebilir tar\u0131m uygulamalar\u0131 ve ileri \u00fcretim teknikleriyle tarladan sofraya kadar hi\u00e7bir a\u015famada kaliteden \u00f6d\u00fcn vermeden m\u00fc\u015fterilerimize en taze ve en sa\u011fl\u0131kl\u0131 s\u00fct \u00fcr\u00fcnlerini sunmakt\u0131r.<br \/>Vizyonumuz, yenilik\u00e7i ve \u00f6nc\u00fc yakla\u015f\u0131mlar\u0131m\u0131zla T\u00fcrkiye&#8217;nin en g\u00fcvenilir g\u0131da markas\u0131 olmak ve T\u00fcrk g\u0131da sekt\u00f6r\u00fcn\u00fc k\u00fcresel pazarda en iyi \u015fekilde temsil etmektir.<br \/>Briman G\u0131da olarak bilgi birikimimizi ve tecr\u00fcbemizi siz de\u011ferli m\u00fc\u015fterilerimizle payla\u015fmaktan b\u00fcy\u00fck keyif al\u0131yoruz. Gelecek planlar\u0131m\u0131zda, \u00fcr\u00fcn ve hizmetlerimizle sizlere en iyi deneyimi ya\u015fatmaya devam ederek sekt\u00f6rdeki lider konumumuzu daha da g\u00fc\u00e7lendirmeyi hedefliyoruz. Bu yolculukta bize kat\u0131ld\u0131\u011f\u0131n\u0131z i\u00e7in te\u015fekk\u00fcr eder, sa\u011fl\u0131kl\u0131 ve lezzetli g\u00fcnler dileriz.<\/p>\t\t\t\t\t\t<\/div>\n\t\t\t\t<\/div>\n\t\t\t\t\t<\/div>\n\t\t<\/div>\n\t\t\t\t\t\t\t<\/div>\n\t\t<\/section>\n\t\t\t\t<section class=\"elementor-section elementor-top-section elementor-element elementor-element-76ca766 elementor-section-full_width elementor-section-height-default elementor-section-height-default\" data-id=\"76ca766\" data-element_type=\"section\" data-settings=\"{&quot;background_background&quot;:&quot;classic&quot;}\">\n\t\t\t\t\t\t<div class=\"elementor-container elementor-column-gap-default\">\n\t\t\t\t\t<div class=\"elementor-column elementor-col-100 elementor-top-column elementor-element elementor-element-f061751\" data-id=\"f061751\" data-element_type=\"column\">\n\t\t\t<div class=\"elementor-widget-wrap elementor-element-populated\">\n\t\t\t\t\t\t\t\t<div class=\"elementor-element elementor-element-1bec4f3 elementor-widget elementor-widget-agraria_core_text_marquee\" data-id=\"1bec4f3\" data-element_type=\"widget\" data-widget_type=\"agraria_core_text_marquee.default\">\n\t\t\t\t<div class=\"elementor-widget-container\">\n\t\t\t<div class=\"qodef-shortcode qodef-m  qodef-text-marquee qodef-text-marquee-928 qodef-layout--default qodef-direction--left\" >\n\t<div class=\"qodef-m-content\" >\n\t\t<div class=\"qodef-m-content-inner\">\n\t\t\t\t\t\t\t<span class=\"qodef-m-text-1\" style=\"color:#647D17\">\n\t\t\t\t\t\t\t\t\t\t\t<span class=\"qodef-m-image\" data-id=\"1\" >\n\t\t\t\t\t\t\t<img fetchpriority=\"high\" decoding=\"async\" width=\"839\" height=\"566\" src=\"https:\/\/brimanfarm.com\/wp-content\/uploads\/2024\/02\/44c88c3b-a3c6-4d3c-a32f-8ac1b02c67db-1.png\" class=\"attachment-full size-full\" alt=\"\" srcset=\"https:\/\/brimanfarm.com\/wp-content\/uploads\/2024\/02\/44c88c3b-a3c6-4d3c-a32f-8ac1b02c67db-1.png 839w, https:\/\/brimanfarm.com\/wp-content\/uploads\/2024\/02\/44c88c3b-a3c6-4d3c-a32f-8ac1b02c67db-1-600x405.png 600w, https:\/\/brimanfarm.com\/wp-content\/uploads\/2024\/02\/44c88c3b-a3c6-4d3c-a32f-8ac1b02c67db-1-300x202.png 300w, https:\/\/brimanfarm.com\/wp-content\/uploads\/2024\/02\/44c88c3b-a3c6-4d3c-a32f-8ac1b02c67db-1-768x518.png 768w\" sizes=\"(max-width: 839px) 100vw, 839px\" \/>\t\t\t\t\t\t<\/span>\n\t\t\t\t\t\t\t\t\t\tBriman Farm\t\t\t\t<\/span>\n\t\t\t\t\t\t\t\t\t\t<span class=\"qodef-m-text-2\" style=\"color:#647D17\">\n\t\t\t\t\t\t\t\t\t\t\t<span class=\"qodef-m-image\" data-id=\"2\" >\n\t\t\t\t\t\t\t<img fetchpriority=\"high\" decoding=\"async\" width=\"839\" height=\"566\" src=\"https:\/\/brimanfarm.com\/wp-content\/uploads\/2024\/02\/44c88c3b-a3c6-4d3c-a32f-8ac1b02c67db-1.png\" class=\"attachment-full size-full\" alt=\"\" srcset=\"https:\/\/brimanfarm.com\/wp-content\/uploads\/2024\/02\/44c88c3b-a3c6-4d3c-a32f-8ac1b02c67db-1.png 839w, https:\/\/brimanfarm.com\/wp-content\/uploads\/2024\/02\/44c88c3b-a3c6-4d3c-a32f-8ac1b02c67db-1-600x405.png 600w, https:\/\/brimanfarm.com\/wp-content\/uploads\/2024\/02\/44c88c3b-a3c6-4d3c-a32f-8ac1b02c67db-1-300x202.png 300w, https:\/\/brimanfarm.com\/wp-content\/uploads\/2024\/02\/44c88c3b-a3c6-4d3c-a32f-8ac1b02c67db-1-768x518.png 768w\" sizes=\"(max-width: 839px) 100vw, 839px\" \/>\t\t\t\t\t\t<\/span>\n\t\t\t\t\t\t\t\t\t\tBriman Farm\t\t\t\t<\/span>\n\t\t\t\t\t\t\t\t<\/div>\n\t<\/div>\n<\/div>\n\t\t<\/div>\n\t\t\t\t<\/div>\n\t\t\t\t\t<\/div>\n\t\t<\/div>\n\t\t\t\t\t\t\t<\/div>\n\t\t<\/section>\n\t\t\t\t<section class=\"elementor-section elementor-top-section elementor-element elementor-element-f8a5693 elementor-section-full_width elementor-section-height-min-height elementor-section-height-default elementor-section-items-middle\" data-id=\"f8a5693\" data-element_type=\"section\">\n\t\t\t\t\t\t<div class=\"elementor-container elementor-column-gap-default\">\n\t\t\t\t\t<div class=\"elementor-column elementor-col-100 elementor-top-column elementor-element elementor-element-7cda2ea\" data-id=\"7cda2ea\" data-element_type=\"column\">\n\t\t\t<div class=\"elementor-widget-wrap\">\n\t\t\t\t\t\t\t\t\t<\/div>\n\t\t<\/div>\n\t\t\t\t\t\t\t<\/div>\n\t\t<\/section>\n\t\t\t\t<section class=\"elementor-section elementor-top-section elementor-element elementor-element-efa5e92 elementor-section-full_width elementor-section-height-default elementor-section-height-default\" data-id=\"efa5e92\" data-element_type=\"section\" data-settings=\"{&quot;background_background&quot;:&quot;classic&quot;}\">\n\t\t\t\t\t\t<div class=\"elementor-container elementor-column-gap-default\">\n\t\t\t\t\t<div class=\"elementor-column elementor-col-100 elementor-top-column elementor-element elementor-element-bcf651a\" data-id=\"bcf651a\" data-element_type=\"column\">\n\t\t\t<div class=\"elementor-widget-wrap elementor-element-populated\">\n\t\t\t\t\t\t\t\t<div class=\"elementor-element elementor-element-d322c70 elementor-widget elementor-widget-agraria_core_text_marquee\" data-id=\"d322c70\" data-element_type=\"widget\" data-widget_type=\"agraria_core_text_marquee.default\">\n\t\t\t\t<div class=\"elementor-widget-container\">\n\t\t\t<div class=\"qodef-shortcode qodef-m  qodef-text-marquee qodef-text-marquee-746 qodef-layout--default qodef-direction--left\" >\n\t<div class=\"qodef-m-content\" >\n\t\t<div class=\"qodef-m-content-inner\">\n\t\t\t\t\t\t\t<span class=\"qodef-m-text-1\" style=\"color:#647D17\">\n\t\t\t\t\t\t\t\t\t\t\t<span class=\"qodef-m-image\" data-id=\"1\" >\n\t\t\t\t\t\t\t<img fetchpriority=\"high\" decoding=\"async\" width=\"839\" height=\"566\" src=\"https:\/\/brimanfarm.com\/wp-content\/uploads\/2024\/02\/44c88c3b-a3c6-4d3c-a32f-8ac1b02c67db-1.png\" class=\"attachment-full size-full\" alt=\"\" srcset=\"https:\/\/brimanfarm.com\/wp-content\/uploads\/2024\/02\/44c88c3b-a3c6-4d3c-a32f-8ac1b02c67db-1.png 839w, https:\/\/brimanfarm.com\/wp-content\/uploads\/2024\/02\/44c88c3b-a3c6-4d3c-a32f-8ac1b02c67db-1-600x405.png 600w, https:\/\/brimanfarm.com\/wp-content\/uploads\/2024\/02\/44c88c3b-a3c6-4d3c-a32f-8ac1b02c67db-1-300x202.png 300w, https:\/\/brimanfarm.com\/wp-content\/uploads\/2024\/02\/44c88c3b-a3c6-4d3c-a32f-8ac1b02c67db-1-768x518.png 768w\" sizes=\"(max-width: 839px) 100vw, 839px\" \/>\t\t\t\t\t\t<\/span>\n\t\t\t\t\t\t\t\t\t\tBriman Farm\t\t\t\t<\/span>\n\t\t\t\t\t\t\t\t\t\t<span class=\"qodef-m-text-2\" style=\"color:#647D17\">\n\t\t\t\t\t\t\t\t\t\t\t<span class=\"qodef-m-image\" data-id=\"2\" >\n\t\t\t\t\t\t\t<img fetchpriority=\"high\" decoding=\"async\" width=\"839\" height=\"566\" src=\"https:\/\/brimanfarm.com\/wp-content\/uploads\/2024\/02\/44c88c3b-a3c6-4d3c-a32f-8ac1b02c67db-1.png\" class=\"attachment-full size-full\" alt=\"\" srcset=\"https:\/\/brimanfarm.com\/wp-content\/uploads\/2024\/02\/44c88c3b-a3c6-4d3c-a32f-8ac1b02c67db-1.png 839w, https:\/\/brimanfarm.com\/wp-content\/uploads\/2024\/02\/44c88c3b-a3c6-4d3c-a32f-8ac1b02c67db-1-600x405.png 600w, https:\/\/brimanfarm.com\/wp-content\/uploads\/2024\/02\/44c88c3b-a3c6-4d3c-a32f-8ac1b02c67db-1-300x202.png 300w, https:\/\/brimanfarm.com\/wp-content\/uploads\/2024\/02\/44c88c3b-a3c6-4d3c-a32f-8ac1b02c67db-1-768x518.png 768w\" sizes=\"(max-width: 839px) 100vw, 839px\" \/>\t\t\t\t\t\t<\/span>\n\t\t\t\t\t\t\t\t\t\tBriman Farm\t\t\t\t<\/span>\n\t\t\t\t\t\t\t\t<\/div>\n\t<\/div>\n<\/div>\n\t\t<\/div>\n\t\t\t\t<\/div>\n\t\t\t\t\t<\/div>\n\t\t<\/div>\n\t\t\t\t\t\t\t<\/div>\n\t\t<\/section>\n\t\t\t\t<section class=\"elementor-section elementor-top-section elementor-element elementor-element-14535ad elementor-section-full_width qodef-elementor-content-grid elementor-section-height-default elementor-section-height-default\" data-id=\"14535ad\" data-element_type=\"section\">\n\t\t\t\t\t\t<div class=\"elementor-container elementor-column-gap-default\">\n\t\t\t\t\t<div class=\"elementor-column elementor-col-50 elementor-top-column elementor-element elementor-element-b5cb960\" data-id=\"b5cb960\" data-element_type=\"column\">\n\t\t\t<div class=\"elementor-widget-wrap elementor-element-populated\">\n\t\t\t\t\t\t\t\t<div class=\"elementor-element elementor-element-2974fb1 elementor-widget elementor-widget-agraria_core_section_title\" data-id=\"2974fb1\" data-element_type=\"widget\" data-widget_type=\"agraria_core_section_title.default\">\n\t\t\t\t<div class=\"elementor-widget-container\">\n\t\t\t<div class=\"qodef-shortcode qodef-m  qodef-section-title qodef-alignment--left \">\n\t\t<span class=\"qodef-m-subtitle\" style=\"color: #162E09\">BRIMAN FARM:<\/span>\n\t\t\t<h2 class=\"qodef-m-title\" style=\"margin-top: 6px\">\n\t\t\t\t\tGE\u00c7MI\u0307\u015eTEN GELECE\u011eE I\u0307NOVASYON VE HI\u0307ZMET\t\t\t<\/h2>\n\t\t<\/div>\n\t\t<\/div>\n\t\t\t\t<\/div>\n\t\t\t\t\t<\/div>\n\t\t<\/div>\n\t\t\t\t<div class=\"elementor-column elementor-col-50 elementor-top-column elementor-element elementor-element-a8b63ad\" data-id=\"a8b63ad\" data-element_type=\"column\">\n\t\t\t<div class=\"elementor-widget-wrap elementor-element-populated\">\n\t\t\t\t\t\t\t\t<section class=\"elementor-section elementor-inner-section elementor-element elementor-element-727c9c5 elementor-section-full_width elementor-section-height-default elementor-section-height-default\" data-id=\"727c9c5\" data-element_type=\"section\">\n\t\t\t\t\t\t<div class=\"elementor-container elementor-column-gap-default\">\n\t\t\t\t\t<div class=\"elementor-column elementor-col-50 elementor-inner-column elementor-element elementor-element-3cd883c\" data-id=\"3cd883c\" data-element_type=\"column\">\n\t\t\t<div class=\"elementor-widget-wrap elementor-element-populated\">\n\t\t\t\t\t\t\t\t<div class=\"elementor-element elementor-element-4d46300 elementor-widget elementor-widget-agraria_core_icon_with_text\" data-id=\"4d46300\" data-element_type=\"widget\" data-widget_type=\"agraria_core_icon_with_text.default\">\n\t\t\t\t<div class=\"elementor-widget-container\">\n\t\t\t<div class=\"qodef-shortcode qodef-m  qodef-icon-with-text qodef-layout--top qodef--icon-pack  qodef-alignment--left\">\n\t<div class=\"qodef-m-icon-wrapper\">\n\t\t<span class=\"qodef-shortcode qodef-m  qodef-icon-holder qodef-size--default qodef-layout--normal\"  >\t\t\t\t<\/span>\t<\/div>\n\t<div class=\"qodef-m-content\">\n\t\t\t<h6 class=\"qodef-m-title\" style=\"margin-top: 20px\">\n\t\t\t\t\t<span class=\"qodef-m-title-text\">Temel ve \u0130lk Ad\u0131mlar<\/span>\n\t\t\t<\/h6>\n\t\t\t<p class=\"qodef-m-text\" >1979 y\u0131l\u0131nda Emin\u00f6n\u00fc Unkapan\u0131&#039;nda kurulan Briman \u00c7iftli\u011fi, uzun ve k\u00f6kl\u00fc bir ge\u00e7mi\u015fe sahiptir.<\/p>\n\t<\/div>\n<\/div>\n\t\t<\/div>\n\t\t\t\t<\/div>\n\t\t\t\t\t<\/div>\n\t\t<\/div>\n\t\t\t\t<div class=\"elementor-column elementor-col-50 elementor-inner-column elementor-element elementor-element-794d481\" data-id=\"794d481\" data-element_type=\"column\">\n\t\t\t<div class=\"elementor-widget-wrap elementor-element-populated\">\n\t\t\t\t\t\t\t\t<div class=\"elementor-element elementor-element-e5a0c3a elementor-widget elementor-widget-agraria_core_icon_with_text\" data-id=\"e5a0c3a\" data-element_type=\"widget\" data-widget_type=\"agraria_core_icon_with_text.default\">\n\t\t\t\t<div class=\"elementor-widget-container\">\n\t\t\t<div class=\"qodef-shortcode qodef-m  qodef-icon-with-text qodef-layout--top qodef--icon-pack  qodef-alignment--left\">\n\t<div class=\"qodef-m-icon-wrapper\">\n\t\t<span class=\"qodef-shortcode qodef-m  qodef-icon-holder qodef-size--default qodef-layout--normal\"  >\t\t\t\t<\/span>\t<\/div>\n\t<div class=\"qodef-m-content\">\n\t\t\t<h6 class=\"qodef-m-title\" style=\"margin-top: 22px\">\n\t\t\t\t\t<span class=\"qodef-m-title-text\">Yeni Pazaryeri Projesi<\/span>\n\t\t\t<\/h6>\n\t\t\t<p class=\"qodef-m-text\" >2017&#039;de ba\u015flayan ve d\u00f6rt y\u0131l s\u00fcren bir projeyle 75.000 m\u00b2&#039;lik modern bir pazar yeri, Avrupa standartlar\u0131na uygun olarak g\u0131da i\u015fletmelerinin kullan\u0131m\u0131na a\u00e7\u0131ld\u0131.<\/p>\n\t<\/div>\n<\/div>\n\t\t<\/div>\n\t\t\t\t<\/div>\n\t\t\t\t\t<\/div>\n\t\t<\/div>\n\t\t\t\t\t\t\t<\/div>\n\t\t<\/section>\n\t\t\t\t<section class=\"elementor-section elementor-inner-section elementor-element elementor-element-a366007 elementor-section-full_width elementor-section-height-default elementor-section-height-default\" data-id=\"a366007\" data-element_type=\"section\">\n\t\t\t\t\t\t<div class=\"elementor-container elementor-column-gap-default\">\n\t\t\t\t\t<div class=\"elementor-column elementor-col-50 elementor-inner-column elementor-element elementor-element-e1bee14\" data-id=\"e1bee14\" data-element_type=\"column\">\n\t\t\t<div class=\"elementor-widget-wrap elementor-element-populated\">\n\t\t\t\t\t\t\t\t<div class=\"elementor-element elementor-element-f479c16 elementor-widget elementor-widget-agraria_core_icon_with_text\" data-id=\"f479c16\" data-element_type=\"widget\" data-widget_type=\"agraria_core_icon_with_text.default\">\n\t\t\t\t<div class=\"elementor-widget-container\">\n\t\t\t<div class=\"qodef-shortcode qodef-m  qodef-icon-with-text qodef-layout--top qodef--icon-pack  qodef-alignment--left\">\n\t<div class=\"qodef-m-icon-wrapper\">\n\t\t<span class=\"qodef-shortcode qodef-m  qodef-icon-holder qodef-size--default qodef-layout--normal\"  >\t\t\t\t<\/span>\t<\/div>\n\t<div class=\"qodef-m-content\">\n\t\t\t<h6 class=\"qodef-m-title\" style=\"margin-top: 17px\">\n\t\t\t\t\t<span class=\"qodef-m-title-text\">\u00dcretim ve Kalite Belgeleri<\/span>\n\t\t\t<\/h6>\n\t\t\t<p class=\"qodef-m-text\" >\u00c7anakkale&#039;nin Biga il\u00e7esinde \u00fcretimini s\u00fcrd\u00fcren \u015firket, hijyen ve ambalaj alanlar\u0131nda resmi onaylara sahip.<\/p>\n\t<\/div>\n<\/div>\n\t\t<\/div>\n\t\t\t\t<\/div>\n\t\t\t\t\t<\/div>\n\t\t<\/div>\n\t\t\t\t<div class=\"elementor-column elementor-col-50 elementor-inner-column elementor-element elementor-element-b277ed4\" data-id=\"b277ed4\" data-element_type=\"column\">\n\t\t\t<div class=\"elementor-widget-wrap elementor-element-populated\">\n\t\t\t\t\t\t\t\t<div class=\"elementor-element elementor-element-7c63f67 elementor-widget elementor-widget-agraria_core_icon_with_text\" data-id=\"7c63f67\" data-element_type=\"widget\" data-widget_type=\"agraria_core_icon_with_text.default\">\n\t\t\t\t<div class=\"elementor-widget-container\">\n\t\t\t<div class=\"qodef-shortcode qodef-m  qodef-icon-with-text qodef-layout--top qodef--icon-pack  qodef-alignment--left\">\n\t<div class=\"qodef-m-icon-wrapper\">\n\t\t<span class=\"qodef-shortcode qodef-m  qodef-icon-holder qodef-size--default qodef-layout--normal\"  >\t\t\t\t<\/span>\t<\/div>\n\t<div class=\"qodef-m-content\">\n\t\t\t<h6 class=\"qodef-m-title\" style=\"margin-top: 17px\">\n\t\t\t\t\t<span class=\"qodef-m-title-text\">Geni\u015f Hizmet A\u011f\u0131<\/span>\n\t\t\t<\/h6>\n\t\t\t<p class=\"qodef-m-text\" >Ba\u015fta \u0130stanbul olmak \u00fczere T\u00fcrkiye genelinde geni\u015f bir m\u00fc\u015fteri a\u011f\u0131na hizmet veren Briman \u00c7iftli\u011fi, gelecekte de sekt\u00f6r\u00fcn \u00f6nde gelen isimlerine hizmet vermeye devam edecek.<\/p>\n\t<\/div>\n<\/div>\n\t\t<\/div>\n\t\t\t\t<\/div>\n\t\t\t\t\t<\/div>\n\t\t<\/div>\n\t\t\t\t\t\t\t<\/div>\n\t\t<\/section>\n\t\t\t\t\t<\/div>\n\t\t<\/div>\n\t\t\t\t\t\t\t<\/div>\n\t\t<\/section>\n\t\t\t\t<section class=\"elementor-section elementor-top-section elementor-element elementor-element-ed75a0a elementor-section-full_width qodef-elementor-content-grid elementor-section-height-default elementor-section-height-default\" data-id=\"ed75a0a\" data-element_type=\"section\" data-settings=\"{&quot;background_background&quot;:&quot;classic&quot;}\">\n\t\t\t\t\t\t<div class=\"elementor-container elementor-column-gap-default\">\n\t\t\t\t\t<div class=\"elementor-column elementor-col-100 elementor-top-column elementor-element elementor-element-dcfabf9\" data-id=\"dcfabf9\" data-element_type=\"column\">\n\t\t\t<div class=\"elementor-widget-wrap elementor-element-populated\">\n\t\t\t\t\t\t\t\t<div class=\"elementor-element elementor-element-9c12175 elementor-widget elementor-widget-agraria_core_clients_list\" data-id=\"9c12175\" data-element_type=\"widget\" data-widget_type=\"agraria_core_clients_list.default\">\n\t\t\t\t<div class=\"elementor-widget-container\">\n\t\t\t<div class=\"qodef-shortcode qodef-m  qodef-clients-list qodef-grid qodef-layout--columns  qodef-gutter--large qodef-vertical-gutter--large qodef-col-num--6 qodef-item-layout--image-only qodef-responsive--custom qodef-col-num--1440--6 qodef-col-num--1366--6 qodef-col-num--1024--3 qodef-col-num--768--3 qodef-col-num--680--2 qodef-col-num--480--2 qodef-swiper--show-pagination qodef-hover-animation--fade\" style=\"--qodef-client-initial-opacity: 1;--qodef-client-hover-opacity: .6\">\n\t<div class=\"qodef-grid-inner\">\n\t\t<span class=\"qodef-e qodef-grid-item \">\n\t<span class=\"qodef-e-inner\">\n\t\t\t<span class=\"qodef-e-image\">\n\t\t\t\t\t<a itemprop=\"url\" href=\"#\" target=\"_blank\">\n\t\t\t\t\t\t\t\t\t<span class=\"qodef-e-logo\">\n\t\t\t\t\t<img decoding=\"async\" width=\"113\" height=\"119\" src=\"https:\/\/brimanfarm.com\/wp-content\/uploads\/2023\/03\/client-img-01-dark.png\" class=\"attachment-full size-full\" alt=\"s\" \/>\t\t\t\t<\/span>\n\t\t\t\t\t\t\t\t\t\t\t<\/a>\n\t\t\t<\/span>\n\t<\/span>\n<\/span>\n<span class=\"qodef-e qodef-grid-item \">\n\t<span class=\"qodef-e-inner\">\n\t\t\t<span class=\"qodef-e-image\">\n\t\t\t\t\t<a itemprop=\"url\" href=\"#\" target=\"_blank\">\n\t\t\t\t\t\t\t\t\t<span class=\"qodef-e-logo\">\n\t\t\t\t\t<img decoding=\"async\" width=\"117\" height=\"101\" src=\"https:\/\/brimanfarm.com\/wp-content\/uploads\/2023\/03\/client-02-dark.png\" class=\"attachment-full size-full\" alt=\"xs\" \/>\t\t\t\t<\/span>\n\t\t\t\t\t\t\t\t\t\t\t<\/a>\n\t\t\t<\/span>\n\t<\/span>\n<\/span>\n<span class=\"qodef-e qodef-grid-item \">\n\t<span class=\"qodef-e-inner\">\n\t\t\t<span class=\"qodef-e-image\">\n\t\t\t\t\t<a itemprop=\"url\" href=\"#\" target=\"_blank\">\n\t\t\t\t\t\t\t\t\t<span class=\"qodef-e-logo\">\n\t\t\t\t\t<img loading=\"lazy\" decoding=\"async\" width=\"96\" height=\"106\" src=\"https:\/\/brimanfarm.com\/wp-content\/uploads\/2023\/03\/client-dark-04.png\" class=\"attachment-full size-full\" alt=\"s\" \/>\t\t\t\t<\/span>\n\t\t\t\t\t\t\t\t\t\t\t<\/a>\n\t\t\t<\/span>\n\t<\/span>\n<\/span>\n<span class=\"qodef-e qodef-grid-item \">\n\t<span class=\"qodef-e-inner\">\n\t\t\t<span class=\"qodef-e-image\">\n\t\t\t\t\t<a itemprop=\"url\" href=\"#\" target=\"_blank\">\n\t\t\t\t\t\t\t\t\t<span class=\"qodef-e-logo\">\n\t\t\t\t\t<img loading=\"lazy\" decoding=\"async\" width=\"101\" height=\"102\" src=\"https:\/\/brimanfarm.com\/wp-content\/uploads\/2023\/03\/client-dark-05.png\" class=\"attachment-full size-full\" alt=\"s\" srcset=\"https:\/\/brimanfarm.com\/wp-content\/uploads\/2023\/03\/client-dark-05.png 101w, https:\/\/brimanfarm.com\/wp-content\/uploads\/2023\/03\/client-dark-05-100x100.png 100w\" sizes=\"(max-width: 101px) 100vw, 101px\" \/>\t\t\t\t<\/span>\n\t\t\t\t\t\t\t\t\t\t\t<\/a>\n\t\t\t<\/span>\n\t<\/span>\n<\/span>\n<span class=\"qodef-e qodef-grid-item \">\n\t<span class=\"qodef-e-inner\">\n\t\t\t<span class=\"qodef-e-image\">\n\t\t\t\t\t<a itemprop=\"url\" href=\"#\" target=\"_blank\">\n\t\t\t\t\t\t\t\t\t<span class=\"qodef-e-logo\">\n\t\t\t\t\t<img loading=\"lazy\" decoding=\"async\" width=\"98\" height=\"114\" src=\"https:\/\/brimanfarm.com\/wp-content\/uploads\/2023\/03\/client-06-dark.png\" class=\"attachment-full size-full\" alt=\"s\" \/>\t\t\t\t<\/span>\n\t\t\t\t\t\t\t\t\t\t\t<\/a>\n\t\t\t<\/span>\n\t<\/span>\n<\/span>\n<span class=\"qodef-e qodef-grid-item \">\n\t<span class=\"qodef-e-inner\">\n\t\t\t<span class=\"qodef-e-image\">\n\t\t\t\t\t<a itemprop=\"url\" href=\"#\" target=\"_blank\">\n\t\t\t\t\t\t\t\t\t<span class=\"qodef-e-logo\">\n\t\t\t\t\t<img loading=\"lazy\" decoding=\"async\" width=\"117\" height=\"114\" src=\"https:\/\/brimanfarm.com\/wp-content\/uploads\/2023\/03\/client-03-dark.png\" class=\"attachment-full size-full\" alt=\"d\" \/>\t\t\t\t<\/span>\n\t\t\t\t\t\t\t\t\t\t\t<\/a>\n\t\t\t<\/span>\n\t<\/span>\n<\/span>\n\t<\/div>\n<\/div>\n\t\t<\/div>\n\t\t\t\t<\/div>\n\t\t\t\t\t<\/div>\n\t\t<\/div>\n\t\t\t\t\t\t\t<\/div>\n\t\t<\/section>\n\t\t\t\t\t\t\t<\/div>\n\t\t","protected":false},"excerpt":{"rendered":"<p>BRIMAN S\u00dcT \u00dcR\u00dcNLERI\u0307 Briman G\u0131da Sanayi ve S\u00fct \u00dcr\u00fcnleri Ticaret A.\u015e. 1979 y\u0131l\u0131nda Emin\u00f6n\u00fc Unkapan\u0131&#8217;nda k\u00fc\u00e7\u00fck bir \u00fcretim ve pazarlama \u015firketi olarak ba\u015flad\u0131\u011f\u0131 yolculu\u011funda, o g\u00fcnden bu yana g\u0131da sekt\u00f6r\u00fcnde istikrarl\u0131 bir b\u00fcy\u00fcme sergilemi\u015ftir. \u0130stanbul G\u0131da Toptanc\u0131lar\u0131 (\u0130GTOT) sitesinde yer alan Y\u00f6netim Denetim Kurulu Ba\u015fkanl\u0131\u011f\u0131m\u0131z s\u0131ras\u0131nda, sadece d\u00f6rt y\u0131l i\u00e7inde g\u0131da sekt\u00f6r\u00fcne Avrupa standartlar\u0131na uygun [&hellip;]<\/p>\n","protected":false},"author":1,"featured_media":0,"parent":0,"menu_order":0,"comment_status":"closed","ping_status":"closed","template":"page-full-width.php","meta":{"footnotes":""},"class_list":["post-11964","page","type-page","status-publish","hentry"],"_links":{"self":[{"href":"https:\/\/brimanfarm.com\/tr\/wp-json\/wp\/v2\/pages\/11964","targetHints":{"allow":["GET"]}}],"collection":[{"href":"https:\/\/brimanfarm.com\/tr\/wp-json\/wp\/v2\/pages"}],"about":[{"href":"https:\/\/brimanfarm.com\/tr\/wp-json\/wp\/v2\/types\/page"}],"author":[{"embeddable":true,"href":"https:\/\/brimanfarm.com\/tr\/wp-json\/wp\/v2\/users\/1"}],"replies":[{"embeddable":true,"href":"https:\/\/brimanfarm.com\/tr\/wp-json\/wp\/v2\/comments?post=11964"}],"version-history":[{"count":4,"href":"https:\/\/brimanfarm.com\/tr\/wp-json\/wp\/v2\/pages\/11964\/revisions"}],"predecessor-version":[{"id":11969,"href":"https:\/\/brimanfarm.com\/tr\/wp-json\/wp\/v2\/pages\/11964\/revisions\/11969"}],"wp:attachment":[{"href":"https:\/\/brimanfarm.com\/tr\/wp-json\/wp\/v2\/media?parent=11964"}],"curies":[{"name":"wp","href":"https:\/\/api.w.org\/{rel}","templated":true}]}}